{"id":61,"date":"2022-11-11T16:02:33","date_gmt":"2022-11-11T15:02:33","guid":{"rendered":"https:\/\/xn--jean-francis-grhaigne-p5b.fr\/?page_id=61"},"modified":"2023-02-22T16:54:21","modified_gmt":"2023-02-22T15:54:21","slug":"football","status":"publish","type":"page","link":"https:\/\/xn--jean-francis-grhaigne-p5b.fr\/?page_id=61","title":{"rendered":"Football"},"content":{"rendered":"\t\t<div data-elementor-type=\"wp-page\" data-elementor-id=\"61\" class=\"elementor elementor-61\">\n\t\t\t\t\t\t<section class=\"elementor-section elementor-top-section elementor-element elementor-element-83e22b8 elementor-section-boxed elementor-section-height-default elementor-section-height-default\" data-id=\"83e22b8\" data-element_type=\"section\">\n\t\t\t\t\t\t<div class=\"elementor-container elementor-column-gap-default\">\n\t\t\t\t\t<div class=\"elementor-column elementor-col-100 elementor-top-column elementor-element elementor-element-8cb115b\" data-id=\"8cb115b\" data-element_type=\"column\">\n\t\t\t<div class=\"elementor-widget-wrap elementor-element-populated\">\n\t\t\t\t\t\t<div class=\"elementor-element elementor-element-a477ae4 elementor-grid-3 elementor-grid-tablet-2 elementor-grid-mobile-1 elementor-widget elementor-widget-elementor-blog-posts\" data-id=\"a477ae4\" data-element_type=\"widget\" data-settings=\"{&quot;columns&quot;:&quot;3&quot;,&quot;columns_tablet&quot;:&quot;2&quot;,&quot;columns_mobile&quot;:&quot;1&quot;}\" data-widget_type=\"elementor-blog-posts.default\">\n\t\t\t\t<div class=\"elementor-widget-container\">\n\t\t\t\t\t<div class=\"wpcap-grid\">\n\t\t\t\t\t\t<div class=\"wpcap-grid-container elementor-grid wpcap-grid-desktop-3 wpcap-grid-tablet-2 wpcap-grid-mobile-1 grid-meta-bottom\">\n\n\t\t\t\t\n        <article id=\"post-121\" class=\"wpcap-post post-121 post type-post status-publish format-standard hentry category-football\">\n         \n            <div class=\"post-grid-inner\">\n            \t\n            \t\n                <div class=\"post-grid-text-wrap\">\n               \t\t\t\t<h3 class=\"title\">\n\t\t\t<a href=\"https:\/\/xn--jean-francis-grhaigne-p5b.fr\/?p=121\">La passe ou l\u2019\u00e9change de la balle\u00a0<\/a>\n\t\t<\/h3>\n\t\t\t                \t\t<div class=\"post-grid-excerpt\">\n\t\t\t<p>\u00a9 Jean-Francis Gr\u00e9haigne&nbsp; \u00c0 la base du jeu collectif, la passe est un geste qui rel\u00e8ve de la tactique individuelle. Pour tout un chacun, la&hellip;<\/p>\n\t\t<\/div>\n\t\t\t                \t\t<a class=\"read-more-btn\" href=\"https:\/\/xn--jean-francis-grhaigne-p5b.fr\/?p=121\">Lire la suite \u00bb<\/a>\n\t\t                <\/div>\n\n                \t\t<div class=\"post-grid-meta\">\n\t\t\t\n\t\t\t\t<span class=\"post-author\">Jean Francis Gr\u00e9haigne<\/span>\n\n\t\t\t\t\n\t\t\t\t<span class=\"post-date\"><time datetime=\"2023-05-18T16:43:42+02:00\">18 May 2023<\/time><\/span>\n\n\t\t\t\t<span class=\"post-categories\"><a href=\"https:\/\/xn--jean-francis-grhaigne-p5b.fr\/?cat=5\" rel=\"category\">football<\/a><\/span>\t\t<\/div>\n\t\t\n            <\/div><!-- .blog-inner -->\n           \n        <\/article>\n\n        \n\t\t\t<\/div>\n\t\t<\/div>\n\t\t\t\t<\/div>\n\t\t\t\t<\/div>\n\t\t\t\t\t<\/div>\n\t\t<\/div>\n\t\t\t\t\t<\/div>\n\t\t<\/section>\n\t\t\t\t<\/div>\n\t\t","protected":false},"excerpt":{"rendered":"<p>test 3 qsdsq Lire la suite \u00bb admin5684 22 f\u00e9vrier 2023 \u00e9ducation physique, football<\/p>\n","protected":false},"author":1,"featured_media":0,"parent":0,"menu_order":0,"comment_status":"closed","ping_status":"closed","template":"","meta":{"footnotes":""},"class_list":["post-61","page","type-page","status-publish","hentry"],"_links":{"self":[{"href":"https:\/\/xn--jean-francis-grhaigne-p5b.fr\/index.php?rest_route=\/wp\/v2\/pages\/61","targetHints":{"allow":["GET"]}}],"collection":[{"href":"https:\/\/xn--jean-francis-grhaigne-p5b.fr\/index.php?rest_route=\/wp\/v2\/pages"}],"about":[{"href":"https:\/\/xn--jean-francis-grhaigne-p5b.fr\/index.php?rest_route=\/wp\/v2\/types\/page"}],"author":[{"embeddable":true,"href":"https:\/\/xn--jean-francis-grhaigne-p5b.fr\/index.php?rest_route=\/wp\/v2\/users\/1"}],"replies":[{"embeddable":true,"href":"https:\/\/xn--jean-francis-grhaigne-p5b.fr\/index.php?rest_route=%2Fwp%2Fv2%2Fcomments&post=61"}],"version-history":[{"count":13,"href":"https:\/\/xn--jean-francis-grhaigne-p5b.fr\/index.php?rest_route=\/wp\/v2\/pages\/61\/revisions"}],"predecessor-version":[{"id":116,"href":"https:\/\/xn--jean-francis-grhaigne-p5b.fr\/index.php?rest_route=\/wp\/v2\/pages\/61\/revisions\/116"}],"wp:attachment":[{"href":"https:\/\/xn--jean-francis-grhaigne-p5b.fr\/index.php?rest_route=%2Fwp%2Fv2%2Fmedia&parent=61"}],"curies":[{"name":"wp","href":"https:\/\/api.w.org\/{rel}","templated":true}]}}